{"id":260,"date":"2023-10-09T09:47:51","date_gmt":"2023-10-09T07:47:51","guid":{"rendered":"http:\/\/starbusy.pl\/?page_id=260"},"modified":"2023-10-16T14:58:41","modified_gmt":"2023-10-16T12:58:41","slug":"o-nas","status":"publish","type":"page","link":"https:\/\/starbusy.pl\/?page_id=260","title":{"rendered":"O NAS"},"content":{"rendered":"\n<hr class=\"wp-block-separator has-alpha-channel-opacity\"\/>\n\n\n\n<div class=\"wp-block-columns is-layout-flex wp-container-5\">\n<div class=\"wp-block-column is-layout-flow\">\n<h2 class=\"wp-block-heading\">ZAKRES DZIA\u0141ALONO\u015aCI<\/h2>\n\n\n\n<p>\u015awiadczymy us\u0142ugi transportowe pojazdami specjalistycznymi przystosowanymi do bezpiecznego i komfortowego przewozu os\u00f3b z niepe\u0142nosprawno\u015bciami na najwy\u017cszym poziomie.<\/p>\n\n\n\n<p> <\/p>\n<\/div>\n\n\n\n<div class=\"wp-block-column is-layout-flow\">\n<h2 class=\"wp-block-heading\">INNE US\u0141UGI<\/h2>\n\n\n\n<p><\/p>\n\n\n\n<p>Us\u0142ugi\u00a0dodatkowe to przew\u00f3z:<\/p>\n\n\n\n<ul>\n<li>grup wycieczkowych<\/li>\n\n\n\n<li>transfer\u00f3w lotniskowych<\/li>\n\n\n\n<li>przewoz\u00f3w weselnych<\/li>\n\n\n\n<li>przewoz\u00f3w na imprezy<\/li>\n\n\n\n<li>przejazd\u00f3w firmowych<\/li>\n\n\n\n<li>przewoz\u00f3w grupowych \u2013 specjalistycznych<\/li>\n<\/ul>\n<\/div>\n\n\n\n<div class=\"wp-block-column is-layout-flow\">\n<h2 class=\"wp-block-heading\">ADRES SIEDZIBY<\/h2>\n\n\n\n<p><\/p>\n\n\n\n<p>83-200 STAROGARD GDA\u0143SKI<\/p>\n\n\n\n<p>UL. TCZEWSKA 22<\/p>\n<\/div>\n\n\n\n<div class=\"wp-block-column is-layout-flow\">\n<h2 class=\"wp-block-heading\">KONTAKT<\/h2>\n\n\n\n<p>58 5623067<\/p>\n\n\n\n<p>starbusy@starbusy.pl<\/p>\n\n\n\n<p>www.starbusy.pl<\/p>\n<\/div>\n<\/div>\n","protected":false},"excerpt":{"rendered":"<p>ZAKRES DZIA\u0141ALONO\u015aCI \u015awiadczymy us\u0142ugi transportowe pojazdami specjalistycznymi przystosowanymi do bezpiecznego i komfortowego przewozu os\u00f3b z niepe\u0142nosprawno\u015bciami na najwy\u017cszym poziomie. INNE US\u0141UGI Us\u0142ugi\u00a0dodatkowe to przew\u00f3z: ADRES SIEDZIBY 83-200 STAROGARD GDA\u0143SKI UL. TCZEWSKA 22 KONTAKT 58 5623067 starbusy@starbusy.pl www.starbusy.pl<\/p>\n","protected":false},"author":1,"featured_media":0,"parent":0,"menu_order":0,"comment_status":"closed","ping_status":"closed","template":"","meta":[],"_links":{"self":[{"href":"https:\/\/starbusy.pl\/index.php?rest_route=\/wp\/v2\/pages\/260"}],"collection":[{"href":"https:\/\/starbusy.pl\/index.php?rest_route=\/wp\/v2\/pages"}],"about":[{"href":"https:\/\/starbusy.pl\/index.php?rest_route=\/wp\/v2\/types\/page"}],"author":[{"embeddable":true,"href":"https:\/\/starbusy.pl\/index.php?rest_route=\/wp\/v2\/users\/1"}],"replies":[{"embeddable":true,"href":"https:\/\/starbusy.pl\/index.php?rest_route=%2Fwp%2Fv2%2Fcomments&post=260"}],"version-history":[{"count":18,"href":"https:\/\/starbusy.pl\/index.php?rest_route=\/wp\/v2\/pages\/260\/revisions"}],"predecessor-version":[{"id":544,"href":"https:\/\/starbusy.pl\/index.php?rest_route=\/wp\/v2\/pages\/260\/revisions\/544"}],"wp:attachment":[{"href":"https:\/\/starbusy.pl\/index.php?rest_route=%2Fwp%2Fv2%2Fmedia&parent=260"}],"curies":[{"name":"wp","href":"https:\/\/api.w.org\/{rel}","templated":true}]}}