{"id":370,"date":"2023-10-10T09:05:10","date_gmt":"2023-10-10T07:05:10","guid":{"rendered":"http:\/\/starbusy.pl\/?page_id=370"},"modified":"2024-05-22T14:47:27","modified_gmt":"2024-05-22T12:47:27","slug":"oferta","status":"publish","type":"page","link":"https:\/\/starbusy.pl\/?page_id=370","title":{"rendered":"OFERTA"},"content":{"rendered":"\n<hr class=\"wp-block-separator has-alpha-channel-opacity\"\/>\n\n\n\n<div class=\"wp-block-columns are-vertically-aligned-center is-layout-flex wp-container-2\">\n<div class=\"wp-block-column is-vertically-aligned-center is-layout-flow\">\n<p><\/p>\n\n\n\n<p>\u015awiadczymy us\u0142ugi transportowe pojazdami specjalistycznymi przystosowanymi do bezpiecznego i komfortowego przewozu os\u00f3b r\u00f3wnie\u017c z niepe\u0142nosprawno\u015bciami.<\/p>\n\n\n\n<p>Dodatkowo oferujemy wykonanie us\u0142ugi:<\/p>\n\n\n\n<ul>\n<li>przewozu grup wycieczkowych<\/li>\n\n\n\n<li>przewozu wycieczek szkolnych<\/li>\n\n\n\n<li>transfer\u00f3w lotniskowych<\/li>\n\n\n\n<li>przewoz\u00f3w weselnych<\/li>\n\n\n\n<li>przewoz\u00f3w na innego typu imprezy<\/li>\n\n\n\n<li>przejazd\u00f3w firmowych<\/li>\n\n\n\n<li>przewoz\u00f3w grupowych \u2013 specjalistycznych<\/li>\n<\/ul>\n\n\n\n<p>Jednym z kluczowych zada\u0144 tego dzia\u0142u jest \u015bwiadczenie us\u0142ug dowozu dzieci z niepe\u0142nosprawno\u015bciami do O\u015brodk\u00f3w Szkolno-Wychowawczych.<\/p>\n\n\n\n<p>Nasze pojazdy spe\u0142niaj\u0105 wszystkie wymagane standardy, s\u0105 dostosowane do potrzeb os\u00f3b z niepe\u0142nosprawno\u015bciami, wygodne, komfortowe i bezpieczne. Posiadaj\u0105 specjalne mocowania dla w\u00f3zk\u00f3w inwalidzkich.<\/p>\n<\/div>\n<\/div>\n","protected":false},"excerpt":{"rendered":"<p>\u015awiadczymy us\u0142ugi transportowe pojazdami specjalistycznymi przystosowanymi do bezpiecznego i komfortowego przewozu os\u00f3b r\u00f3wnie\u017c z niepe\u0142nosprawno\u015bciami. Dodatkowo oferujemy wykonanie us\u0142ugi: Jednym z kluczowych zada\u0144 tego dzia\u0142u jest \u015bwiadczenie us\u0142ug dowozu dzieci z niepe\u0142nosprawno\u015bciami do O\u015brodk\u00f3w Szkolno-Wychowawczych. Nasze pojazdy spe\u0142niaj\u0105 wszystkie wymagane standardy, s\u0105 dostosowane do potrzeb os\u00f3b z niepe\u0142nosprawno\u015bciami, wygodne, komfortowe i bezpieczne. Posiadaj\u0105 specjalne mocowania dla w\u00f3zk\u00f3w inwalidzkich.<\/p>\n","protected":false},"author":1,"featured_media":0,"parent":0,"menu_order":0,"comment_status":"closed","ping_status":"closed","template":"","meta":[],"_links":{"self":[{"href":"https:\/\/starbusy.pl\/index.php?rest_route=\/wp\/v2\/pages\/370"}],"collection":[{"href":"https:\/\/starbusy.pl\/index.php?rest_route=\/wp\/v2\/pages"}],"about":[{"href":"https:\/\/starbusy.pl\/index.php?rest_route=\/wp\/v2\/types\/page"}],"author":[{"embeddable":true,"href":"https:\/\/starbusy.pl\/index.php?rest_route=\/wp\/v2\/users\/1"}],"replies":[{"embeddable":true,"href":"https:\/\/starbusy.pl\/index.php?rest_route=%2Fwp%2Fv2%2Fcomments&post=370"}],"version-history":[{"count":19,"href":"https:\/\/starbusy.pl\/index.php?rest_route=\/wp\/v2\/pages\/370\/revisions"}],"predecessor-version":[{"id":554,"href":"https:\/\/starbusy.pl\/index.php?rest_route=\/wp\/v2\/pages\/370\/revisions\/554"}],"wp:attachment":[{"href":"https:\/\/starbusy.pl\/index.php?rest_route=%2Fwp%2Fv2%2Fmedia&parent=370"}],"curies":[{"name":"wp","href":"https:\/\/api.w.org\/{rel}","templated":true}]}}